{"id":21,"date":"2016-10-29T15:57:42","date_gmt":"2016-10-29T15:57:42","guid":{"rendered":"http:\/\/neilbertelsen.com\/?page_id=21"},"modified":"2025-05-06T12:57:54","modified_gmt":"2025-05-06T10:57:54","slug":"impressum","status":"publish","type":"page","link":"https:\/\/neilbertelsen.com\/?page_id=21","title":{"rendered":"Impressum"},"content":{"rendered":"\n<p><strong>Impressum<\/strong><\/p>\n\n\n\n<p class=\"has-small-font-size\"><a href=\"#Impressum\">English version below. <\/a><\/p>\n\n\n\n<p>Neil Bertelsen<br>Neil Bertelsen Consultancy<br>Martin-Luther-Str. 45<br>10779 Berlin<br>Deutschland<br>Telelefon: +49 151 26968601<br>contact@neilbertelsen.com<\/p>\n\n\n\n<p>Ust-IdNr: DE304014285<br>Steuernummer: 18\/227\/01276<br>Berlin Sch\u00f6neberg<br>Deutschland<\/p>\n\n\n\n<p>Gesch\u00e4ftsbereich: Unternehmensberatung.<\/p>\n\n\n\n<p class=\"has-text-align-left dsg-module-preview-generate dsg-module-preview-fill active filled\">Kammer<br>Industrie- und Handelskammer zu Berlin<br>www.ihk-berlin.de<br>Fasanenstra\u00dfe 85<br>10623 Berlin<br>Mitgliedsnummer 107#0001675661<\/p>\n\n\n\n<p>Berufshaftpflichtversicherung<br>(Verm\u00f6gensschaden-Haftpflichtversicherung und Betriebs-Haftpflichtversicherung f\u00fcr Unternehmens- und Personalberater)<br>R\u00e4umliche Geltung: Weltweit.<br>HISCOX SA<br>Bernhard-Wicki-Stra\u00dfe 3<br>80636 M\u00fcnchen<br>Deutschland<\/p>\n\n\n\n<p>Dieses Impressum gilt auch f\u00fcr die folgenden Social-Media-Pr\u00e4senzen und Onlineprofile, (LinkedIn): <a href=\"https:\/\/www.linkedin.com\/in\/neilbertelsen\/\" target=\"_blank\" rel=\"noreferrer noopener\">https:\/\/www.linkedin.com\/in\/neilbertelsen\/<\/a><\/p>\n\n\n\n<p>Rechtliche Hinweise zur Webseite<\/p>\n\n\n\n<p>Alle Texte, Bilder und weiter hier ver\u00f6ffentlichten Informationen unterliegen dem Urheberrecht des Anbieters, soweit nicht Urheberrechte Dritter bestehen. In &nbsp;jedem Fall ist eine Vervielf\u00e4ltigung, Verbreitung oder \u00f6ffentliche Wiedergabe ausschlie\u00dflich im Falle einer widerruflichen und nicht \u00fcbertragbaren Zustimmung des Anbieters gestattet.<\/p>\n\n\n\n<p>F\u00fcr alle mittels Querverweis (Link) verbundenen Webinhalte \u00fcbernimmt der Anbieter keine Verantwortung, da es sich hierbei nicht um eigene Inhalte handelt. Die verlinkten Seiten wurden auf rechtswidrige Inhalte \u00fcberpr\u00fcft, zum Zeitpunkt der Verlinkung waren solche nicht erkennbar. Verantwortlich f\u00fcr den Inhalt der verlinkten Seiten ist deren Betreiber. Der Anbieter hat hierzu keine allgemeine \u00dcberwachungs- und Pr\u00fcfungspflicht. Bei Bekanntwerden einer Rechtsverletzung wird der entsprechende Link jedoch umgehend entfernt.<\/p>\n\n\n\n<hr class=\"wp-block-separator has-css-opacity\"\/>\n\n\n\n<p><strong id=\"Impressum\">Legal details (Impressum) in English<\/strong> <\/p>\n\n\n\n<p class=\"has-small-font-size\">The English version of the legal details (Impressum) only serves as information for English speaking readers and is not legally binding. ONLY the German version of this document is legally binding.<\/p>\n\n\n\n<p class=\"english-impressum\">Neil Bertelsen<br>Neil Bertelsen Consultancy<br>Martin-Luther-Str. 45<br>10779 Berlin<br>Deutschland<br>Phone: +49 151 26968601<br>contact@neilbertelsen.com<\/p>\n\n\n\n<p>Vat Number: DE304014285<br>Tax number: 18\/227\/01276<br>Berlin Sch\u00f6neberg<br>Deutschland<\/p>\n\n\n\n<p>Business area: Consultancy.<\/p>\n\n\n\n<p class=\"has-text-align-left dsg-module-preview-generate dsg-module-preview-fill active filled\">Professional association<br>Industrie- und Handelskammer zu Berlin<br>www.ihk-berlin.de<br>Fasanenstra\u00dfe 85<br>10623 Berlin<br>Mitgliedsnummer 107#0001675661<\/p>\n\n\n\n<p>Liability Insurance<br>(Errors and Omissions Insurance and General Liability Insurance for consultancy and personal consulting)<br>Coverage: Global<br>HISCOX SA<br>Bernhard-Wicki-Stra\u00dfe 3<br>80636 M\u00fcnchen<br>Deutschland<\/p>\n\n\n\n<p>These legal details also covers the following social media presences and online profiles, (LinkedIn): <a href=\"https:\/\/www.linkedin.com\/in\/neilbertelsen\/\" target=\"_blank\" rel=\"noreferrer noopener\">https:\/\/www.linkedin.com\/in\/neilbertelsen\/<\/a><\/p>\n\n\n\n<p>Legal notice covering the website<\/p>\n\n\n\n<p>Neil Bertelsen has the copyright to all texts, graphics and other information published on this website insofar that a copyright does not belong to a third party. Duplication, distribution or public reproduktion can only take place with revocable consent. A consent can not be transferred to others.<\/p>\n\n\n\n<p>Neil Bertelsen does not take responsibility for any content connected to this website via links. Content, connected to this website via links, was at the time of setting up of the links checked for illegal content and such content was not identifiable. Responsibility for the content of connected websites via links belongs to the relevant publisher.  The provider of this website does not have a general duty to monitor and check linked content. If knowledge of any illegal content on linked websites is received, the relevant links will though immediately be removed.<\/p>\n","protected":false},"excerpt":{"rendered":"<div class=\"entry-summary\">\nImpressum English version below. Neil BertelsenNeil Bertelsen ConsultancyMartin-Luther-Str. 4510779 BerlinDeutschlandTelelefon: +49 151 26968601contact@neilbertelsen.com Ust-IdNr: DE304014285Steuernummer: 18\/227\/01276Berlin Sch\u00f6nebergDeutschland Gesch\u00e4ftsbereich: Unternehmensberatung. KammerIndustrie- und Handelskammer zu Berlinwww.ihk-berlin.deFasanenstra\u00dfe 8510623 BerlinMitgliedsnummer 107#0001675661 Berufshaftpflichtversicherung(Verm\u00f6gensschaden-Haftpflichtversicherung und Betriebs-Haftpflichtversicherung f\u00fcr Unternehmens- und Personalberater)R\u00e4umliche Geltung: Weltweit.HISCOX SABernhard-Wicki-Stra\u00dfe 380636 M\u00fcnchenDeutschland Dieses&hellip;\n<\/div>\n<div class=\"link-more\"><a href=\"https:\/\/neilbertelsen.com\/?page_id=21\" class=\"more-link\">Continue reading<span class=\"screen-reader-text\"> &ldquo;Impressum&rdquo;<\/span>&hellip;<\/a><\/div>\n","protected":false},"author":1,"featured_media":0,"parent":131,"menu_order":0,"comment_status":"closed","ping_status":"closed","template":"","meta":{"footnotes":""},"class_list":["post-21","page","type-page","status-publish","hentry","entry"],"_links":{"self":[{"href":"https:\/\/neilbertelsen.com\/index.php?rest_route=\/wp\/v2\/pages\/21","targetHints":{"allow":["GET"]}}],"collection":[{"href":"https:\/\/neilbertelsen.com\/index.php?rest_route=\/wp\/v2\/pages"}],"about":[{"href":"https:\/\/neilbertelsen.com\/index.php?rest_route=\/wp\/v2\/types\/page"}],"author":[{"embeddable":true,"href":"https:\/\/neilbertelsen.com\/index.php?rest_route=\/wp\/v2\/users\/1"}],"replies":[{"embeddable":true,"href":"https:\/\/neilbertelsen.com\/index.php?rest_route=%2Fwp%2Fv2%2Fcomments&post=21"}],"version-history":[{"count":21,"href":"https:\/\/neilbertelsen.com\/index.php?rest_route=\/wp\/v2\/pages\/21\/revisions"}],"predecessor-version":[{"id":250,"href":"https:\/\/neilbertelsen.com\/index.php?rest_route=\/wp\/v2\/pages\/21\/revisions\/250"}],"up":[{"embeddable":true,"href":"https:\/\/neilbertelsen.com\/index.php?rest_route=\/wp\/v2\/pages\/131"}],"wp:attachment":[{"href":"https:\/\/neilbertelsen.com\/index.php?rest_route=%2Fwp%2Fv2%2Fmedia&parent=21"}],"curies":[{"name":"wp","href":"https:\/\/api.w.org\/{rel}","templated":true}]}}